{"id":4520,"date":"2023-02-01T13:08:51","date_gmt":"2023-02-01T12:08:51","guid":{"rendered":"https:\/\/effios.fr\/?page_id=4520"},"modified":"2023-08-30T17:52:24","modified_gmt":"2023-08-30T15:52:24","slug":"mentions-legales","status":"publish","type":"page","link":"https:\/\/effios.fr\/en\/mentions-legales\/","title":{"rendered":"Legal notices"},"content":{"rendered":"<div data-elementor-type=\"wp-page\" data-elementor-id=\"4520\" class=\"elementor elementor-4520\">\n\t\t\t\t\t\t<section class=\"elementor-section elementor-top-section elementor-element elementor-element-qo8yzdc elementor-section-height-min-height elementor-section-boxed elementor-section-height-default elementor-section-items-middle exad-glass-effect-no exad-sticky-section-no\" data-id=\"qo8yzdc\" data-element_type=\"section\" data-settings=\"{&quot;background_background&quot;:&quot;classic&quot;}\">\n\t\t\t\t\t\t\t<div class=\"elementor-background-overlay\"><\/div>\n\t\t\t\t\t\t\t<div class=\"elementor-container elementor-column-gap-no\">\n\t\t\t\t\t<div class=\"elementor-column elementor-col-100 elementor-top-column elementor-element elementor-element-3f67593 exad-glass-effect-no exad-sticky-section-no\" data-id=\"3f67593\" data-element_type=\"column\">\n\t\t\t<div class=\"elementor-widget-wrap elementor-element-populated\">\n\t\t\t\t\t\t<div class=\"elementor-element elementor-element-dc4e498 exad-sticky-section-no exad-glass-effect-no elementor-widget elementor-widget-heading\" data-id=\"dc4e498\" data-element_type=\"widget\" data-widget_type=\"heading.default\">\n\t\t\t\t<div class=\"elementor-widget-container\">\n\t\t\t\t\t<h2 class=\"elementor-heading-title elementor-size-default\">Legal notices<\/h2>\t\t\t\t<\/div>\n\t\t\t\t<\/div>\n\t\t\t\t\t<\/div>\n\t\t<\/div>\n\t\t\t\t\t<\/div>\n\t\t<\/section>\n\t\t\t\t<section class=\"elementor-section elementor-top-section elementor-element elementor-element-d1132c0 elementor-section-boxed elementor-section-height-default elementor-section-height-default exad-glass-effect-no exad-sticky-section-no\" data-id=\"d1132c0\" data-element_type=\"section\">\n\t\t\t\t\t\t<div class=\"elementor-container elementor-column-gap-default\">\n\t\t\t\t\t<div class=\"elementor-column elementor-col-100 elementor-top-column elementor-element elementor-element-a088434 exad-glass-effect-no exad-sticky-section-no\" data-id=\"a088434\" data-element_type=\"column\">\n\t\t\t<div class=\"elementor-widget-wrap elementor-element-populated\">\n\t\t\t\t\t\t<div class=\"elementor-element elementor-element-d996c46 exad-sticky-section-no exad-glass-effect-no elementor-widget elementor-widget-text-editor\" data-id=\"d996c46\" data-element_type=\"widget\" data-widget_type=\"text-editor.default\">\n\t\t\t\t<div class=\"elementor-widget-container\">\n\t\t\t\t\t\t\t\t\t<p><b>Cookies and other trackers policy<\/b><\/p><p>Cookies or tracers are small files that record the visit and activity of individuals on connected sites or applications. They are generally associated with a terminal or browsing software and enable site and application publishers to gather quantitative and qualitative information on the use of their products. This activity, known as \"tracking\", is the basis for the continuous improvement of products and services offered on the Internet: functionalities, ergonomics, personalisation, etc.<\/p><p>This includes all traces deposited and read, for example, when consulting a website, reading an e-mail, installing or using software or a mobile application, regardless of the type of terminal used, such as a computer, smartphone, e-reader or video game console connected to the Internet.<\/p><p>By extension, the term \"cookie\" covers (non-exhaustive list) :<\/p><ul type=\"disc\"><li>HTTP &amp; \"flash\" cookies ;<\/li><li>the result of the calculation of a fingerprint in the case of \"fingerprinting\" (calculation of a unique identifier of the machine based on elements of its configuration for tracking purposes);<\/li><li>invisible pixels or \"web bugs\";<\/li><li>any other identifier generated by software or an operating system.<\/li><\/ul><p><b>Why do we use cookies?<\/b><\/p><p>We (EFFIOS) may use cookies to collect browsing data about individuals (you) visiting our websites in order to improve your browsing experience.\u00a0<\/p><p><b>How long are cookies kept?<\/b><\/p><p>The cookies on our sites are kept for 13 months, in accordance with the recommendation of the Commission Nationale de l'Informatique et des Libert\u00e9s (French Data Protection Authority) on the period of validity of consent to the storage of cookies. At the end of this period, consent will be requested again. Once this period has expired, consent will be requested again before a new cookie is deposited.<\/p><p><b>How can you control which cookies are installed on your terminals?<\/b><\/p><ul type=\"disc\"><li>Setting cookies on this site<\/li><\/ul><p>The settings are available in the information and settings banner that appears when you first visit the site, and then at any time when you are browsing the site in the bottom right-hand corner, in the \"Cookies\" tab.<\/p><ul type=\"disc\"><li>Setting cookies in your browser software<\/li><\/ul><p>You can configure your browser to accept cookies uniformly for all sites systematically, or depending on the sender.<\/p><p>You can also configure your browser software so that you are offered the option of accepting or refusing cookies from time to time, before a cookie is placed on your terminal.<\/p><p>EFFIOS is responsible for processing data collected via its website, blog, forms or pages dedicated to it on social networks.<\/p><p><b>Respect for privacy and personal data - EFFIOS Confidentiality Charter<\/b><br \/>We undertake to comply with the provisions of Act No\u00b0 78-17 of 6 January 1978 as amended relating to data processing, files and freedoms, and those of Regulation 679\/2016 of 27 April 2016 on data protection. In accordance with the French Data Protection Act No\u00b0 78-17 of 6 January 1978, as amended by Act No\u00b0 2004-801 of 6 August 2004, you have the right to access and rectify any information concerning you. You may exercise this right by contacting EFFIOS, 31 Avenue d'Eylau, 75116 Paris or by e-mail:\u00a0<a href=\"mailto:contact@effios.fr\">contact@effios.fr<\/a><\/p><p>The processing of personal data on behalf of corporate clients is the subject of agreements concluded directly with them and is not covered by this Privacy Charter.<\/p><p><b>This site is edited and published by EFFIOS, whose head office is located at :<\/b><br \/>31 Avenue d\u2019Eylau 75116 PARIS<br \/><b><\/b><\/p><p>E-mail : <a href=\"mailto:contact@effios.fr\">contact@effios.fr<\/a><\/p><p>Editorial manager: Simon FAU, CEO<br \/>Webmaster: webmaster@effios.fr<br \/>Web host : Soci\u00e9t\u00e9 OVH, 2 rue Kellermann, 59100 ROUBAIX<\/p><p><b>Legal notices<\/b><br \/>Owner status : Company<br \/>Prefix : Limited<br \/>Company name : EFFIOS\u00a0<br \/>Address : 31 Avenue d\u2019Eylau, 75116 Paris, France<\/p><p>With a capital of : 5,000 \u20ac<br \/>SIRET : R.C.S. :\u00a0511083743<\/p><p>E-mail : <a href=\"mailto:contact@effios.fr\">contact@effios.fr<\/a><\/p>\t\t\t\t\t\t\t\t<\/div>\n\t\t\t\t<\/div>\n\t\t\t\t\t<\/div>\n\t\t<\/div>\n\t\t\t\t\t<\/div>\n\t\t<\/section>\n\t\t\t\t<\/div>","protected":false},"excerpt":{"rendered":"<p>Mentions l\u00e9gales Politique de cookies et autres traceurs Les cookies ou traceurs sont des petits fichiers qui permettent d\u2019enregistrer la visite et l\u2019activit\u00e9 des individus sur les sites ou applications connect\u00e9es. Ils sont g\u00e9n\u00e9ralement associ\u00e9s \u00e0 un terminal ou \u00e0 un logiciel de navigation et permettent aux \u00e9diteurs des sites et applications de r\u00e9colter des [&hellip;]<\/p>","protected":false},"author":2,"featured_media":0,"parent":0,"menu_order":0,"comment_status":"closed","ping_status":"closed","template":"","meta":{"_uag_custom_page_level_css":"","site-sidebar-layout":"no-sidebar","site-content-layout":"page-builder","ast-site-content-layout":"default","site-content-style":"default","site-sidebar-style":"default","ast-global-header-display":"","ast-banner-title-visibility":"","ast-main-header-display":"","ast-hfb-above-header-display":"","ast-hfb-below-header-display":"","ast-hfb-mobile-header-display":"","site-post-title":"disabled","ast-breadcrumbs-content":"","ast-featured-img":"disabled","footer-sml-layout":"","ast-disable-related-posts":"","theme-transparent-header-meta":"","adv-header-id-meta":"","stick-header-meta":"","header-above-stick-meta":"","header-main-stick-meta":"","header-below-stick-meta":"","astra-migrate-meta-layouts":"default","ast-page-background-enabled":"default","ast-page-background-meta":{"desktop":{"background-color":"var(--ast-global-color-4)","background-image":"","background-repeat":"repeat","background-position":"center center","background-size":"auto","background-attachment":"scroll","background-type":"","background-media":"","overlay-type":"","overlay-color":"","overlay-opacity":"","overlay-gradient":""},"tablet":{"background-color":"","background-image":"","background-repeat":"repeat","background-position":"center center","background-size":"auto","background-attachment":"scroll","background-type":"","background-media":"","overlay-type":"","overlay-color":"","overlay-opacity":"","overlay-gradient":""},"mobile":{"background-color":"","background-image":"","background-repeat":"repeat","background-position":"center center","background-size":"auto","background-attachment":"scroll","background-type":"","background-media":"","overlay-type":"","overlay-color":"","overlay-opacity":"","overlay-gradient":""}},"ast-content-background-meta":{"desktop":{"background-color":"var(--ast-global-color-5)","background-image":"","background-repeat":"repeat","background-position":"center center","background-size":"auto","background-attachment":"scroll","background-type":"","background-media":"","overlay-type":"","overlay-color":"","overlay-opacity":"","overlay-gradient":""},"tablet":{"background-color":"var(--ast-global-color-5)","background-image":"","background-repeat":"repeat","background-position":"center center","background-size":"auto","background-attachment":"scroll","background-type":"","background-media":"","overlay-type":"","overlay-color":"","overlay-opacity":"","overlay-gradient":""},"mobile":{"background-color":"var(--ast-global-color-5)","background-image":"","background-repeat":"repeat","background-position":"center center","background-size":"auto","background-attachment":"scroll","background-type":"","background-media":"","overlay-type":"","overlay-color":"","overlay-opacity":"","overlay-gradient":""}},"footnotes":""},"class_list":["post-4520","page","type-page","status-publish","hentry"],"yoast_head":"<!-- This site is optimized with the Yoast SEO plugin v26.8 - https:\/\/yoast.com\/product\/yoast-seo-wordpress\/ -->\n<title>Mentions l\u00e9gales - Effios<\/title>\n<meta name=\"robots\" content=\"index, follow, max-snippet:-1, max-image-preview:large, max-video-preview:-1\" \/>\n<link rel=\"canonical\" href=\"https:\/\/effios.fr\/en\/mentions-legales\/\" \/>\n<meta property=\"og:locale\" content=\"en_GB\" \/>\n<meta property=\"og:type\" content=\"article\" \/>\n<meta property=\"og:title\" content=\"Mentions l\u00e9gales - Effios\" \/>\n<meta property=\"og:description\" content=\"Mentions l\u00e9gales Politique de cookies et autres traceurs Les cookies ou traceurs sont des petits fichiers qui permettent d\u2019enregistrer la visite et l\u2019activit\u00e9 des individus sur les sites ou applications connect\u00e9es. Ils sont g\u00e9n\u00e9ralement associ\u00e9s \u00e0 un terminal ou \u00e0 un logiciel de navigation et permettent aux \u00e9diteurs des sites et applications de r\u00e9colter des [&hellip;]\" \/>\n<meta property=\"og:url\" content=\"https:\/\/effios.fr\/en\/mentions-legales\/\" \/>\n<meta property=\"og:site_name\" content=\"Effios\" \/>\n<meta property=\"article:modified_time\" content=\"2023-08-30T15:52:24+00:00\" \/>\n<meta property=\"og:image\" content=\"https:\/\/effios.fr\/wp-content\/uploads\/2023\/06\/cropped-cropped-Logo-Effios-noir.png\" \/>\n\t<meta property=\"og:image:width\" content=\"1000\" \/>\n\t<meta property=\"og:image:height\" content=\"276\" \/>\n\t<meta property=\"og:image:type\" content=\"image\/png\" \/>\n<meta name=\"twitter:card\" content=\"summary_large_image\" \/>\n<meta name=\"twitter:site\" content=\"@effios_fr\" \/>\n<meta name=\"twitter:label1\" content=\"Estimated reading time\" \/>\n\t<meta name=\"twitter:data1\" content=\"4 minutes\" \/>\n<script type=\"application\/ld+json\" class=\"yoast-schema-graph\">{\"@context\":\"https:\/\/schema.org\",\"@graph\":[{\"@type\":\"WebPage\",\"@id\":\"https:\/\/effios.fr\/mentions-legales\/\",\"url\":\"https:\/\/effios.fr\/mentions-legales\/\",\"name\":\"Mentions l\u00e9gales - Effios\",\"isPartOf\":{\"@id\":\"https:\/\/effios.fr\/#website\"},\"datePublished\":\"2023-02-01T12:08:51+00:00\",\"dateModified\":\"2023-08-30T15:52:24+00:00\",\"breadcrumb\":{\"@id\":\"https:\/\/effios.fr\/mentions-legales\/#breadcrumb\"},\"inLanguage\":\"en-GB\",\"potentialAction\":[{\"@type\":\"ReadAction\",\"target\":[\"https:\/\/effios.fr\/mentions-legales\/\"]}]},{\"@type\":\"BreadcrumbList\",\"@id\":\"https:\/\/effios.fr\/mentions-legales\/#breadcrumb\",\"itemListElement\":[{\"@type\":\"ListItem\",\"position\":1,\"name\":\"Accueil\",\"item\":\"https:\/\/effios.fr\/\"},{\"@type\":\"ListItem\",\"position\":2,\"name\":\"Mentions l\u00e9gales\"}]},{\"@type\":\"WebSite\",\"@id\":\"https:\/\/effios.fr\/#website\",\"url\":\"https:\/\/effios.fr\/\",\"name\":\"Effios\",\"description\":\"\",\"publisher\":{\"@id\":\"https:\/\/effios.fr\/#organization\"},\"alternateName\":\"Effios\",\"potentialAction\":[{\"@type\":\"SearchAction\",\"target\":{\"@type\":\"EntryPoint\",\"urlTemplate\":\"https:\/\/effios.fr\/?s={search_term_string}\"},\"query-input\":{\"@type\":\"PropertyValueSpecification\",\"valueRequired\":true,\"valueName\":\"search_term_string\"}}],\"inLanguage\":\"en-GB\"},{\"@type\":\"Organization\",\"@id\":\"https:\/\/effios.fr\/#organization\",\"name\":\"Effios\",\"url\":\"https:\/\/effios.fr\/\",\"logo\":{\"@type\":\"ImageObject\",\"inLanguage\":\"en-GB\",\"@id\":\"https:\/\/effios.fr\/#\/schema\/logo\/image\/\",\"url\":\"https:\/\/effios.fr\/wp-content\/uploads\/2023\/06\/cropped-cropped-cropped-Logo-Effios-noir.png\",\"contentUrl\":\"https:\/\/effios.fr\/wp-content\/uploads\/2023\/06\/cropped-cropped-cropped-Logo-Effios-noir.png\",\"width\":1000,\"height\":275,\"caption\":\"Effios\"},\"image\":{\"@id\":\"https:\/\/effios.fr\/#\/schema\/logo\/image\/\"},\"sameAs\":[\"https:\/\/x.com\/effios_fr\",\"https:\/\/www.linkedin.com\/company\/effios\/\"]}]}<\/script>\n<!-- \/ Yoast SEO plugin. -->","yoast_head_json":{"title":"Mentions l\u00e9gales - Effios","robots":{"index":"index","follow":"follow","max-snippet":"max-snippet:-1","max-image-preview":"max-image-preview:large","max-video-preview":"max-video-preview:-1"},"canonical":"https:\/\/effios.fr\/en\/mentions-legales\/","og_locale":"en_GB","og_type":"article","og_title":"Mentions l\u00e9gales - Effios","og_description":"Mentions l\u00e9gales Politique de cookies et autres traceurs Les cookies ou traceurs sont des petits fichiers qui permettent d\u2019enregistrer la visite et l\u2019activit\u00e9 des individus sur les sites ou applications connect\u00e9es. Ils sont g\u00e9n\u00e9ralement associ\u00e9s \u00e0 un terminal ou \u00e0 un logiciel de navigation et permettent aux \u00e9diteurs des sites et applications de r\u00e9colter des [&hellip;]","og_url":"https:\/\/effios.fr\/en\/mentions-legales\/","og_site_name":"Effios","article_modified_time":"2023-08-30T15:52:24+00:00","og_image":[{"width":1000,"height":276,"url":"https:\/\/effios.fr\/wp-content\/uploads\/2023\/06\/cropped-cropped-Logo-Effios-noir.png","type":"image\/png"}],"twitter_card":"summary_large_image","twitter_site":"@effios_fr","twitter_misc":{"Estimated reading time":"4 minutes"},"schema":{"@context":"https:\/\/schema.org","@graph":[{"@type":"WebPage","@id":"https:\/\/effios.fr\/mentions-legales\/","url":"https:\/\/effios.fr\/mentions-legales\/","name":"Mentions l\u00e9gales - Effios","isPartOf":{"@id":"https:\/\/effios.fr\/#website"},"datePublished":"2023-02-01T12:08:51+00:00","dateModified":"2023-08-30T15:52:24+00:00","breadcrumb":{"@id":"https:\/\/effios.fr\/mentions-legales\/#breadcrumb"},"inLanguage":"en-GB","potentialAction":[{"@type":"ReadAction","target":["https:\/\/effios.fr\/mentions-legales\/"]}]},{"@type":"BreadcrumbList","@id":"https:\/\/effios.fr\/mentions-legales\/#breadcrumb","itemListElement":[{"@type":"ListItem","position":1,"name":"Accueil","item":"https:\/\/effios.fr\/"},{"@type":"ListItem","position":2,"name":"Mentions l\u00e9gales"}]},{"@type":"WebSite","@id":"https:\/\/effios.fr\/#website","url":"https:\/\/effios.fr\/","name":"Effios","description":"","publisher":{"@id":"https:\/\/effios.fr\/#organization"},"alternateName":"Effios","potentialAction":[{"@type":"SearchAction","target":{"@type":"EntryPoint","urlTemplate":"https:\/\/effios.fr\/?s={search_term_string}"},"query-input":{"@type":"PropertyValueSpecification","valueRequired":true,"valueName":"search_term_string"}}],"inLanguage":"en-GB"},{"@type":"Organization","@id":"https:\/\/effios.fr\/#organization","name":"Effios","url":"https:\/\/effios.fr\/","logo":{"@type":"ImageObject","inLanguage":"en-GB","@id":"https:\/\/effios.fr\/#\/schema\/logo\/image\/","url":"https:\/\/effios.fr\/wp-content\/uploads\/2023\/06\/cropped-cropped-cropped-Logo-Effios-noir.png","contentUrl":"https:\/\/effios.fr\/wp-content\/uploads\/2023\/06\/cropped-cropped-cropped-Logo-Effios-noir.png","width":1000,"height":275,"caption":"Effios"},"image":{"@id":"https:\/\/effios.fr\/#\/schema\/logo\/image\/"},"sameAs":["https:\/\/x.com\/effios_fr","https:\/\/www.linkedin.com\/company\/effios\/"]}]}},"uagb_featured_image_src":{"full":false,"thumbnail":false,"medium":false,"medium_large":false,"large":false,"1536x1536":false,"2048x2048":false,"trp-custom-language-flag":false,"woocommerce_thumbnail":false,"woocommerce_single":false,"woocommerce_gallery_thumbnail":false},"uagb_author_info":{"display_name":"Alvin Weck","author_link":"https:\/\/effios.fr\/en\/author\/alvin\/"},"uagb_comment_info":0,"uagb_excerpt":"Mentions l\u00e9gales Politique de cookies et autres traceurs Les cookies ou traceurs sont des petits fichiers qui permettent d\u2019enregistrer la visite et l\u2019activit\u00e9 des individus sur les sites ou applications connect\u00e9es. Ils sont g\u00e9n\u00e9ralement associ\u00e9s \u00e0 un terminal ou \u00e0 un logiciel de navigation et permettent aux \u00e9diteurs des sites et applications de r\u00e9colter des&hellip;","_links":{"self":[{"href":"https:\/\/effios.fr\/en\/wp-json\/wp\/v2\/pages\/4520","targetHints":{"allow":["GET"]}}],"collection":[{"href":"https:\/\/effios.fr\/en\/wp-json\/wp\/v2\/pages"}],"about":[{"href":"https:\/\/effios.fr\/en\/wp-json\/wp\/v2\/types\/page"}],"author":[{"embeddable":true,"href":"https:\/\/effios.fr\/en\/wp-json\/wp\/v2\/users\/2"}],"replies":[{"embeddable":true,"href":"https:\/\/effios.fr\/en\/wp-json\/wp\/v2\/comments?post=4520"}],"version-history":[{"count":26,"href":"https:\/\/effios.fr\/en\/wp-json\/wp\/v2\/pages\/4520\/revisions"}],"predecessor-version":[{"id":7576,"href":"https:\/\/effios.fr\/en\/wp-json\/wp\/v2\/pages\/4520\/revisions\/7576"}],"wp:attachment":[{"href":"https:\/\/effios.fr\/en\/wp-json\/wp\/v2\/media?parent=4520"}],"curies":[{"name":"wp","href":"https:\/\/api.w.org\/{rel}","templated":true}]}}